{"id":2284,"date":"2024-06-09T14:02:55","date_gmt":"2024-06-09T12:02:55","guid":{"rendered":"https:\/\/www.misenso.ch\/?page_id=2284"},"modified":"2024-09-01T13:06:16","modified_gmt":"2024-09-01T11:06:16","slug":"misenso-magasin-waedenswil-oberdorf","status":"publish","type":"page","link":"https:\/\/www.misenso.ch\/fr\/magasins-specialises\/misenso-magasin-waedenswil-oberdorf\/","title":{"rendered":"Magasin sp\u00e9cialis\u00e9 W\u00e4denswil &#8211; Oberdorf"},"content":{"rendered":"","protected":false},"excerpt":{"rendered":"","protected":false},"author":3,"featured_media":0,"parent":2170,"menu_order":0,"comment_status":"closed","ping_status":"closed","template":"","meta":{"_acf_changed":false,"footnotes":""},"class_list":["post-2284","page","type-page","status-publish","hentry"],"acf":[],"_links":{"self":[{"href":"https:\/\/www.misenso.ch\/fr\/wp-json\/wp\/v2\/pages\/2284","targetHints":{"allow":["GET"]}}],"collection":[{"href":"https:\/\/www.misenso.ch\/fr\/wp-json\/wp\/v2\/pages"}],"about":[{"href":"https:\/\/www.misenso.ch\/fr\/wp-json\/wp\/v2\/types\/page"}],"author":[{"embeddable":true,"href":"https:\/\/www.misenso.ch\/fr\/wp-json\/wp\/v2\/users\/3"}],"replies":[{"embeddable":true,"href":"https:\/\/www.misenso.ch\/fr\/wp-json\/wp\/v2\/comments?post=2284"}],"version-history":[{"count":5,"href":"https:\/\/www.misenso.ch\/fr\/wp-json\/wp\/v2\/pages\/2284\/revisions"}],"predecessor-version":[{"id":2994,"href":"https:\/\/www.misenso.ch\/fr\/wp-json\/wp\/v2\/pages\/2284\/revisions\/2994"}],"up":[{"embeddable":true,"href":"https:\/\/www.misenso.ch\/fr\/wp-json\/wp\/v2\/pages\/2170"}],"wp:attachment":[{"href":"https:\/\/www.misenso.ch\/fr\/wp-json\/wp\/v2\/media?parent=2284"}],"curies":[{"name":"wp","href":"https:\/\/api.w.org\/{rel}","templated":true}]}}